{"id":20529,"date":"2023-11-02T16:27:17","date_gmt":"2023-11-02T15:27:17","guid":{"rendered":"https:\/\/eximbanka.sk\/legal-documents-gdpr-cookies-and-others\/information-on-the-principles-of-processing-and-protection-of-personal-data\/"},"modified":"2023-12-20T22:46:50","modified_gmt":"2023-12-20T21:46:50","slug":"information-on-the-principles-of-processing-and-protection-of-personal-data","status":"publish","type":"page","link":"https:\/\/eximbanka.sk\/en\/legal-documents-gdpr-cookies-and-others\/information-on-the-principles-of-processing-and-protection-of-personal-data\/","title":{"rendered":"Information on the principles of processing and protection of personal data"},"content":{"rendered":"\n<p>PRINCIPLES OF DATA PROCESSING AND DATA PROTECTION<\/p>\n\n<p>In accordance with Regulation (EU) 2016\/679 of the European Parliament and of the Council on the protection of natural persons with regard to the processing of personal data and on the free movement of such data (&#8220;GDPR&#8221;), we provide you with information about the processing of your personal data. Here you will find information about the purposes for which we process your personal data, to whom EXIMBANKA SR may disclose it and what your rights are in relation to the processing of your personal data.<\/p>\n\n<div data-wp-interactive=\"core\/file\" class=\"wp-block-file\"><object data-wp-bind--hidden=\"!state.hasPdfPreview\" hidden class=\"wp-block-file__embed\" data=\"https:\/\/eximbanka.sk\/wp-content\/uploads\/2023\/12\/Zasady_spracuvania_a_ochrany_osobnych_udajov_2022.pdf\" type=\"application\/pdf\" style=\"width:100%;height:600px\" aria-label=\"Embed of Dokument - Inform\u00e1cie o z\u00e1sad\u00e1ch sprac\u00favania a ochrany osobn\u00fdch \u00fadajov Eximbankou SR..\"><\/object><a id=\"wp-block-file--media-9e617cad-e181-488b-a2f4-e405a7632ca3\" href=\"https:\/\/eximbanka.sk\/wp-content\/uploads\/2023\/12\/Zasady_spracuvania_a_ochrany_osobnych_udajov_2022.pdf\">Document &#8211; Information on the principles of processing and protection of personal data by Eximbank SR.<\/a><\/div>\n\n<p>Privacy and Data Protection Policy (updated as of 15 February 2022)<\/p>\n","protected":false},"excerpt":{"rendered":"<p>PRINCIPLES OF DATA PROCESSING AND DATA PROTECTION In accordance with Regulation (EU) 2016\/679 of the European Parliament and of the Council on the protection of natural persons with regard to the processing of personal data and on the free movement of such data (&#8220;GDPR&#8221;), we provide you with information about the processing of your personal [&hellip;]<\/p>\n","protected":false},"author":1,"featured_media":0,"parent":20528,"menu_order":0,"comment_status":"closed","ping_status":"closed","template":"","meta":{"footnotes":""},"class_list":["post-20529","page","type-page","status-publish","hentry"],"_links":{"self":[{"href":"https:\/\/eximbanka.sk\/en\/wp-json\/wp\/v2\/pages\/20529","targetHints":{"allow":["GET"]}}],"collection":[{"href":"https:\/\/eximbanka.sk\/en\/wp-json\/wp\/v2\/pages"}],"about":[{"href":"https:\/\/eximbanka.sk\/en\/wp-json\/wp\/v2\/types\/page"}],"author":[{"embeddable":true,"href":"https:\/\/eximbanka.sk\/en\/wp-json\/wp\/v2\/users\/1"}],"replies":[{"embeddable":true,"href":"https:\/\/eximbanka.sk\/en\/wp-json\/wp\/v2\/comments?post=20529"}],"version-history":[{"count":1,"href":"https:\/\/eximbanka.sk\/en\/wp-json\/wp\/v2\/pages\/20529\/revisions"}],"predecessor-version":[{"id":20530,"href":"https:\/\/eximbanka.sk\/en\/wp-json\/wp\/v2\/pages\/20529\/revisions\/20530"}],"up":[{"embeddable":true,"href":"https:\/\/eximbanka.sk\/en\/wp-json\/wp\/v2\/pages\/20528"}],"wp:attachment":[{"href":"https:\/\/eximbanka.sk\/en\/wp-json\/wp\/v2\/media?parent=20529"}],"curies":[{"name":"wp","href":"https:\/\/api.w.org\/{rel}","templated":true}]}}